    {"id":75,"date":"2025-06-12T17:04:43","date_gmt":"2025-06-12T17:04:43","guid":{"rendered":"https:\/\/mydigitalword.com\/?page_id=75"},"modified":"2025-06-12T17:04:44","modified_gmt":"2025-06-12T17:04:44","slug":"about","status":"publish","type":"page","link":"https:\/\/mydigitalword.com\/es_mx\/about\/","title":{"rendered":"Sobre nosotros"},"content":{"rendered":"<p><strong>Mi palabra digital<\/strong> Es tu espacio de confianza para explorar el mundo digital con claridad y practicidad. Creamos contenido para cualquiera que busque... <strong>Descubra, aprenda y aproveche al m\u00e1ximo la tecnolog\u00eda en la vida cotidiana.<\/strong>\u2014ya sea probando nuevas aplicaciones, tomando cursos en l\u00ednea, utilizando herramientas innovadoras o manteni\u00e9ndose al d\u00eda con las tendencias que dan forma al mundo conectado.<\/p>\n\n\n\n<p>En un panorama donde surgen constantemente nuevas herramientas y plataformas, es f\u00e1cil sentirse perdido. Ah\u00ed es donde entramos nosotros. Nuestro papel es... <strong>Traducir la complejidad en contenido objetivo y accesible<\/strong>, ayud\u00e1ndole a comprender qu\u00e9 vale la pena seguir, aprender o probar.<\/p>\n\n\n\n<p>Si bien analizamos plataformas, herramientas y servicios de empresas reconocidas, es importante tener en cuenta que <strong>My Digital Word no representa, promueve ni vende productos de terceros.<\/strong>Nuestro contenido es 100% independiente y estrictamente informativo.<\/p>\n\n\n\n<h2 class=\"wp-block-heading\">Nuestra misi\u00f3n<\/h2>\n\n\n\n<p>Nuestra misi\u00f3n es <strong>democratizar el acceso al conocimiento digital<\/strong> a trav\u00e9s de contenido relevante, actualizado y pr\u00e1ctico. Ya seas un entusiasta de la tecnolog\u00eda, un estudiante que busca herramientas educativas, un profesional que busca mejorar su productividad o simplemente alguien con curiosidad por las tendencias, estamos aqu\u00ed para... <strong>Te ayudamos a aprender, explorar y crecer.<\/strong>.<\/p>\n\n\n\n<p>Creemos en <strong>Informaci\u00f3n \u00fatil, honesta y sin exageraciones<\/strong>Nuestro objetivo es guiarte de manera responsable, no con f\u00f3rmulas m\u00e1gicas, sino con <strong>Contenido que le ayuda a tomar decisiones informadas<\/strong> en el espacio digital.<\/p>\n\n\n\n<h2 class=\"wp-block-heading\">Lo que encontrar\u00e1s aqu\u00ed<\/h2>\n\n\n\n<p>Organizamos nuestro contenido en torno a <strong>Necesidades reales de las personas que viven y trabajan en un mundo cada vez m\u00e1s digital<\/strong>Ya sea que est\u00e9s empezando o ya tengas conocimientos de tecnolog\u00eda, aqu\u00ed tenemos algo para ti:<\/p>\n\n\n\n<h3 class=\"wp-block-heading\">Aplicaciones y herramientas digitales<\/h3>\n\n\n\n<p>Rese\u00f1as, gu\u00edas y tutoriales sobre apps de productividad, plataformas educativas, herramientas creativas, sistemas de organizaci\u00f3n y m\u00e1s. Evaluamos sus caracter\u00edsticas y mostramos c\u00f3mo sacar el m\u00e1ximo provecho de cada una.<\/p>\n\n\n\n<h3 class=\"wp-block-heading\">Cursos y aprendizaje en l\u00ednea<\/h3>\n\n\n\n<p>Recomendaciones de plataformas de aprendizaje, cursos gratuitos o de pago, certificaciones relevantes y estrategias de estudio inteligentes para entornos digitales.<\/p>\n\n\n\n<h3 class=\"wp-block-heading\">Tendencias e Innovaci\u00f3n<\/h3>\n\n\n\n<p>Estamos atentos a las tendencias en tecnolog\u00eda: inteligencia artificial, aplicaciones emergentes, cambios en las plataformas de redes sociales y soluciones creativas para los desaf\u00edos diarios.<\/p>\n\n\n\n<h3 class=\"wp-block-heading\">Consejos pr\u00e1cticos y gu\u00edas pr\u00e1cticas<\/h3>\n\n\n\n<p>Gu\u00edas paso a paso, listas seleccionadas y consejos pr\u00e1cticos para ayudarlo a aplicar la tecnolog\u00eda de manera funcional e inteligente, en el trabajo y en la vida cotidiana.<\/p>\n\n\n\n<h2 class=\"wp-block-heading\">Nuestro compromiso<\/h2>\n\n\n\n<p>En <strong>Mi palabra digital<\/strong>Operamos con total independencia editorial. <strong>No aceptamos pagos para promocionar productos, marcas o servicios.<\/strong>Todo el contenido se basa en investigaciones, pruebas pr\u00e1cticas y experiencia en el mundo real, con un enfoque en <strong>utilidad, claridad e integridad<\/strong>.<\/p>\n\n\n\n<p>Creemos que el conocimiento digital debe ser <strong>accesible, transparente y adaptable a la realidad de cada persona<\/strong>Por eso nuestro objetivo es producir contenido que te ayude. <strong>Navegue por la era digital con confianza y autonom\u00eda<\/strong>, respetando siempre tu tiempo y tus elecciones.<\/p>\n\n\n\n<p>Nuestro compromiso es <strong>informar, no sobrevender<\/strong>Para ayudarte a comprender antes de comprometerte. Y para ofrecerte las herramientas adecuadas, a tu ritmo, para que tu relaci\u00f3n con la tecnolog\u00eda sea m\u00e1s fluida, inteligente y gratificante.<\/p>","protected":false},"excerpt":{"rendered":"<p>My Digital Word is your trusted space to explore the digital world with clarity and practicality. We create content for anyone looking to discover, learn, and make the most of technology in everyday life\u2014whether by testing new apps, taking online courses, using innovative tools, or keeping up with the trends shaping the connected world. In [&hellip;]<\/p>","protected":false},"author":5,"featured_media":0,"parent":0,"menu_order":0,"comment_status":"closed","ping_status":"closed","template":"","meta":{"footnotes":""},"yoast_head":"<!-- This site is optimized with the Yoast SEO plugin v23.3 - https:\/\/yoast.com\/wordpress\/plugins\/seo\/ -->\n<title>About Us - My Digital Word<\/title>\n<meta name=\"robots\" content=\"index, follow, max-snippet:-1, max-image-preview:large, max-video-preview:-1\" \/>\n<link rel=\"canonical\" href=\"https:\/\/mydigitalword.com\/es_mx\/about\/\" \/>\n<meta property=\"og:locale\" content=\"es_MX\" \/>\n<meta property=\"og:type\" content=\"article\" \/>\n<meta property=\"og:title\" content=\"About Us - My Digital Word\" \/>\n<meta property=\"og:description\" content=\"My Digital Word is your trusted space to explore the digital world with clarity and practicality. We create content for anyone looking to discover, learn, and make the most of technology in everyday life\u2014whether by testing new apps, taking online courses, using innovative tools, or keeping up with the trends shaping the connected world. In [&hellip;]\" \/>\n<meta property=\"og:url\" content=\"https:\/\/mydigitalword.com\/es_mx\/about\/\" \/>\n<meta property=\"og:site_name\" content=\"My Digital Word\" \/>\n<meta property=\"article:modified_time\" content=\"2025-06-12T17:04:44+00:00\" \/>\n<meta name=\"twitter:card\" content=\"summary_large_image\" \/>\n<meta name=\"twitter:label1\" content=\"Est. reading time\" \/>\n\t<meta name=\"twitter:data1\" content=\"2 minutos\" \/>\n<script type=\"application\/ld+json\" class=\"yoast-schema-graph\">{\"@context\":\"https:\/\/schema.org\",\"@graph\":[{\"@type\":\"WebPage\",\"@id\":\"https:\/\/mydigitalword.com\/about\/\",\"url\":\"https:\/\/mydigitalword.com\/about\/\",\"name\":\"About Us - My Digital Word\",\"isPartOf\":{\"@id\":\"https:\/\/mydigitalword.com\/#website\"},\"datePublished\":\"2025-06-12T17:04:43+00:00\",\"dateModified\":\"2025-06-12T17:04:44+00:00\",\"breadcrumb\":{\"@id\":\"https:\/\/mydigitalword.com\/about\/#breadcrumb\"},\"inLanguage\":\"es-MX\",\"potentialAction\":[{\"@type\":\"ReadAction\",\"target\":[\"https:\/\/mydigitalword.com\/about\/\"]}]},{\"@type\":\"BreadcrumbList\",\"@id\":\"https:\/\/mydigitalword.com\/about\/#breadcrumb\",\"itemListElement\":[{\"@type\":\"ListItem\",\"position\":1,\"name\":\"Home\",\"item\":\"https:\/\/mydigitalword.com\/\"},{\"@type\":\"ListItem\",\"position\":2,\"name\":\"About Us\"}]},{\"@type\":\"WebSite\",\"@id\":\"https:\/\/mydigitalword.com\/#website\",\"url\":\"https:\/\/mydigitalword.com\/\",\"name\":\"My Digital Word\",\"description\":\"\",\"publisher\":{\"@id\":\"https:\/\/mydigitalword.com\/#organization\"},\"potentialAction\":[{\"@type\":\"SearchAction\",\"target\":{\"@type\":\"EntryPoint\",\"urlTemplate\":\"https:\/\/mydigitalword.com\/?s={search_term_string}\"},\"query-input\":\"required name=search_term_string\"}],\"inLanguage\":\"es-MX\"},{\"@type\":\"Organization\",\"@id\":\"https:\/\/mydigitalword.com\/#organization\",\"name\":\"My Digital Word\",\"url\":\"https:\/\/mydigitalword.com\/\",\"logo\":{\"@type\":\"ImageObject\",\"inLanguage\":\"es-MX\",\"@id\":\"https:\/\/mydigitalword.com\/#\/schema\/logo\/image\/\",\"url\":\"https:\/\/mydigitalword.com\/wp-content\/uploads\/sites\/239\/2025\/06\/cropped-mydigitalword-1-1.png\",\"contentUrl\":\"https:\/\/mydigitalword.com\/wp-content\/uploads\/sites\/239\/2025\/06\/cropped-mydigitalword-1-1.png\",\"width\":1023,\"height\":1023,\"caption\":\"My Digital Word\"},\"image\":{\"@id\":\"https:\/\/mydigitalword.com\/#\/schema\/logo\/image\/\"}}]}<\/script>\n<!-- \/ Yoast SEO plugin. -->","yoast_head_json":{"title":"About Us - My Digital Word","robots":{"index":"index","follow":"follow","max-snippet":"max-snippet:-1","max-image-preview":"max-image-preview:large","max-video-preview":"max-video-preview:-1"},"canonical":"https:\/\/mydigitalword.com\/es_mx\/about\/","og_locale":"es_MX","og_type":"article","og_title":"About Us - My Digital Word","og_description":"My Digital Word is your trusted space to explore the digital world with clarity and practicality. We create content for anyone looking to discover, learn, and make the most of technology in everyday life\u2014whether by testing new apps, taking online courses, using innovative tools, or keeping up with the trends shaping the connected world. In [&hellip;]","og_url":"https:\/\/mydigitalword.com\/es_mx\/about\/","og_site_name":"My Digital Word","article_modified_time":"2025-06-12T17:04:44+00:00","twitter_card":"summary_large_image","twitter_misc":{"Est. reading time":"2 minutos"},"schema":{"@context":"https:\/\/schema.org","@graph":[{"@type":"WebPage","@id":"https:\/\/mydigitalword.com\/about\/","url":"https:\/\/mydigitalword.com\/about\/","name":"About Us - My Digital Word","isPartOf":{"@id":"https:\/\/mydigitalword.com\/#website"},"datePublished":"2025-06-12T17:04:43+00:00","dateModified":"2025-06-12T17:04:44+00:00","breadcrumb":{"@id":"https:\/\/mydigitalword.com\/about\/#breadcrumb"},"inLanguage":"es-MX","potentialAction":[{"@type":"ReadAction","target":["https:\/\/mydigitalword.com\/about\/"]}]},{"@type":"BreadcrumbList","@id":"https:\/\/mydigitalword.com\/about\/#breadcrumb","itemListElement":[{"@type":"ListItem","position":1,"name":"Home","item":"https:\/\/mydigitalword.com\/"},{"@type":"ListItem","position":2,"name":"About Us"}]},{"@type":"WebSite","@id":"https:\/\/mydigitalword.com\/#website","url":"https:\/\/mydigitalword.com\/","name":"My Digital Word","description":"","publisher":{"@id":"https:\/\/mydigitalword.com\/#organization"},"potentialAction":[{"@type":"SearchAction","target":{"@type":"EntryPoint","urlTemplate":"https:\/\/mydigitalword.com\/?s={search_term_string}"},"query-input":"required name=search_term_string"}],"inLanguage":"es-MX"},{"@type":"Organization","@id":"https:\/\/mydigitalword.com\/#organization","name":"My Digital Word","url":"https:\/\/mydigitalword.com\/","logo":{"@type":"ImageObject","inLanguage":"es-MX","@id":"https:\/\/mydigitalword.com\/#\/schema\/logo\/image\/","url":"https:\/\/mydigitalword.com\/wp-content\/uploads\/sites\/239\/2025\/06\/cropped-mydigitalword-1-1.png","contentUrl":"https:\/\/mydigitalword.com\/wp-content\/uploads\/sites\/239\/2025\/06\/cropped-mydigitalword-1-1.png","width":1023,"height":1023,"caption":"My Digital Word"},"image":{"@id":"https:\/\/mydigitalword.com\/#\/schema\/logo\/image\/"}}]}},"_links":{"self":[{"href":"https:\/\/mydigitalword.com\/es_mx\/wp-json\/wp\/v2\/pages\/75"}],"collection":[{"href":"https:\/\/mydigitalword.com\/es_mx\/wp-json\/wp\/v2\/pages"}],"about":[{"href":"https:\/\/mydigitalword.com\/es_mx\/wp-json\/wp\/v2\/types\/page"}],"author":[{"embeddable":true,"href":"https:\/\/mydigitalword.com\/es_mx\/wp-json\/wp\/v2\/users\/5"}],"replies":[{"embeddable":true,"href":"https:\/\/mydigitalword.com\/es_mx\/wp-json\/wp\/v2\/comments?post=75"}],"version-history":[{"count":1,"href":"https:\/\/mydigitalword.com\/es_mx\/wp-json\/wp\/v2\/pages\/75\/revisions"}],"predecessor-version":[{"id":76,"href":"https:\/\/mydigitalword.com\/es_mx\/wp-json\/wp\/v2\/pages\/75\/revisions\/76"}],"wp:attachment":[{"href":"https:\/\/mydigitalword.com\/es_mx\/wp-json\/wp\/v2\/media?parent=75"}],"curies":[{"name":"wp","href":"https:\/\/api.w.org\/{rel}","templated":true}]}}