    {"id":75,"date":"2025-06-12T17:04:43","date_gmt":"2025-06-12T17:04:43","guid":{"rendered":"https:\/\/mydigitalword.com\/?page_id=75"},"modified":"2025-06-12T17:04:44","modified_gmt":"2025-06-12T17:04:44","slug":"about","status":"publish","type":"page","link":"https:\/\/mydigitalword.com\/tr\/about\/","title":{"rendered":"Hakk\u0131m\u0131zda"},"content":{"rendered":"<p><strong>Dijital S\u00f6z\u00fcm<\/strong> Dijital d\u00fcnyay\u0131 netlik ve pratiklikle ke\u015ffedebilece\u011finiz g\u00fcvenilir alan\u0131n\u0131z. Herkes i\u00e7in i\u00e7erik \u00fcretiyoruz. <strong>Teknolojiyi ke\u015ffedin, \u00f6\u011frenin ve g\u00fcnl\u00fck ya\u015famdan en iyi \u015fekilde yararlan\u0131n.<\/strong>\u2014ister yeni uygulamalar\u0131 test ederek, ister \u00e7evrimi\u00e7i kurslara kat\u0131larak, ister yenilik\u00e7i ara\u00e7lar kullanarak, isterse de ba\u011flant\u0131l\u0131 d\u00fcnyay\u0131 \u015fekillendiren trendleri takip ederek olsun.<\/p>\n\n\n\n<p>S\u00fcrekli yeni ara\u00e7 ve platformlar\u0131n ortaya \u00e7\u0131kt\u0131\u011f\u0131 bir ortamda, kaybolmu\u015f hissetmek kolayd\u0131r. \u0130\u015fte tam da bu noktada devreye giriyoruz. Bizim rol\u00fcm\u00fcz \u015fudur: <strong>karma\u015f\u0131kl\u0131\u011f\u0131 nesnel ve eri\u015filebilir i\u00e7eri\u011fe d\u00f6n\u00fc\u015ft\u00fcr\u00fcn<\/strong>Bu sayede neyin takip edilmeye, \u00f6\u011frenilmeye veya denenmeye de\u011fer oldu\u011funu anlaman\u0131za yard\u0131mc\u0131 olur.<\/p>\n\n\n\n<p>Tan\u0131nm\u0131\u015f \u015firketlerin platformlar\u0131n\u0131, ara\u00e7lar\u0131n\u0131 ve hizmetlerini ele al\u0131rken, \u015funu da belirtmekte fayda var: <strong>My Digital Word, \u00fc\u00e7\u00fcnc\u00fc taraf \u00fcr\u00fcnlerini temsil etmez, tan\u0131tmaz veya satmaz.<\/strong>\u0130\u00e7eri\u011fimiz tamamen ba\u011f\u0131ms\u0131z ve yaln\u0131zca bilgilendirme ama\u00e7l\u0131d\u0131r.<\/p>\n\n\n\n<h2 class=\"wp-block-heading\">Misyonumuz<\/h2>\n\n\n\n<p>Misyonumuz \u015fudur: <strong>dijital bilgiye eri\u015fimi demokratikle\u015ftirmek<\/strong> \u0130lgili, g\u00fcncel ve uygulanabilir i\u00e7eriklerle. \u0130ster teknoloji merakl\u0131s\u0131 olun, ister e\u011fitim ara\u00e7lar\u0131 arayan bir \u00f6\u011frenci, ister verimlili\u011fini art\u0131rmaya \u00e7al\u0131\u015fan bir profesyonel, isterse de trend olan \u015feyleri merak eden biri olun, biz buraday\u0131z. <strong>\u00d6\u011frenmenize, ke\u015ffetmenize ve geli\u015fmenize yard\u0131mc\u0131 olur.<\/strong>.<\/p>\n\n\n\n<p>Biz inan\u0131yoruz ki <strong>Faydal\u0131, d\u00fcr\u00fcst ve abart\u0131dan uzak bilgiler<\/strong>Amac\u0131m\u0131z sizi sorumlu bir \u015fekilde y\u00f6nlendirmek; sihirli form\u00fcllerle de\u011fil, <strong>Bilin\u00e7li kararlar vermenize yard\u0131mc\u0131 olan i\u00e7erik<\/strong> dijital alanda.<\/p>\n\n\n\n<h2 class=\"wp-block-heading\">Burada Bulacaklar\u0131n\u0131z<\/h2>\n\n\n\n<p>\u0130\u00e7eriklerimizi \u015fu unsurlar etraf\u0131nda d\u00fczenliyoruz: <strong>giderek dijitalle\u015fen bir d\u00fcnyada ya\u015fayan ve \u00e7al\u0131\u015fan insanlar\u0131n ger\u00e7ek ihtiya\u00e7lar\u0131<\/strong>\u0130ster yeni ba\u015fl\u0131yor olun ister teknoloji konusunda zaten bilgili olun, burada sizin i\u00e7in bir \u015feyler var:<\/p>\n\n\n\n<h3 class=\"wp-block-heading\">Uygulamalar ve Dijital Ara\u00e7lar<\/h3>\n\n\n\n<p>Verimlilik uygulamalar\u0131, e\u011fitim platformlar\u0131, yarat\u0131c\u0131 ara\u00e7lar, organizasyon sistemleri ve daha fazlas\u0131 hakk\u0131nda incelemeler, k\u0131lavuzlar ve e\u011fitimler. \u00d6zellikleri de\u011ferlendiriyor ve her birinden en iyi \u015fekilde nas\u0131l yararlan\u0131laca\u011f\u0131n\u0131 g\u00f6steriyoruz.<\/p>\n\n\n\n<h3 class=\"wp-block-heading\">\u00c7evrimi\u00e7i Kurslar ve \u00d6\u011frenme<\/h3>\n\n\n\n<p>Dijital ortamlar i\u00e7in \u00f6\u011frenme platformlar\u0131, \u00fccretsiz veya \u00fccretli kurslar, ilgili sertifikalar ve ak\u0131ll\u0131 \u00e7al\u0131\u015fma stratejileri \u00f6nerileri.<\/p>\n\n\n\n<h3 class=\"wp-block-heading\">Trendler ve \u0130novasyon<\/h3>\n\n\n\n<p>Teknoloji d\u00fcnyas\u0131ndaki trendleri yak\u0131ndan takip ediyoruz: yapay zeka, yeni uygulamalar, sosyal medya platformlar\u0131ndaki de\u011fi\u015fiklikler ve g\u00fcnl\u00fck zorluklara y\u00f6nelik yarat\u0131c\u0131 \u00e7\u00f6z\u00fcmler.<\/p>\n\n\n\n<h3 class=\"wp-block-heading\">Pratik \u0130pu\u00e7lar\u0131 ve Nas\u0131l Yap\u0131l\u0131r K\u0131lavuzlar\u0131<\/h3>\n\n\n\n<p>\u0130\u015f hayat\u0131n\u0131zda ve g\u00fcnl\u00fck ya\u015fam\u0131n\u0131zda teknolojiyi i\u015flevsel ve ak\u0131ll\u0131ca kullanman\u0131za yard\u0131mc\u0131 olacak ad\u0131m ad\u0131m k\u0131lavuzlar, derlenmi\u015f listeler ve uygulanabilir tavsiyeler.<\/p>\n\n\n\n<h2 class=\"wp-block-heading\">Taahh\u00fcd\u00fcm\u00fcz<\/h2>\n\n\n\n<p>At <strong>Dijital S\u00f6z\u00fcm<\/strong>Tamamen editoryal ba\u011f\u0131ms\u0131zl\u0131kla faaliyet g\u00f6steriyoruz. <strong>\u00dcr\u00fcn, marka veya hizmetlerin tan\u0131t\u0131m\u0131 i\u00e7in \u00f6deme kabul etmiyoruz.<\/strong>T\u00fcm i\u00e7erik, ara\u015ft\u0131rma, uygulamal\u0131 testler ve ger\u00e7ek d\u00fcnya deneyimine dayanmaktad\u0131r ve \u015fu konulara odaklanmaktad\u0131r: <strong>kullan\u0131\u015fl\u0131l\u0131k, a\u00e7\u0131kl\u0131k ve b\u00fct\u00fcnl\u00fck<\/strong>.<\/p>\n\n\n\n<p>Dijital bilginin \u015fu \u015fekilde olmas\u0131 gerekti\u011fine inan\u0131yoruz: <strong>eri\u015filebilir, \u015feffaf ve her bireyin ger\u00e7ekli\u011fine uyarlanabilir.<\/strong>Bu y\u00fczden size yard\u0131mc\u0131 olacak i\u00e7erikler \u00fcretmeyi hedefliyoruz. <strong>Dijital \u00e7a\u011fda \u00f6zg\u00fcven ve \u00f6zerklikle yol al\u0131n.<\/strong>Zaman\u0131n\u0131za ve tercihlerinize her zaman sayg\u0131 duyarak.<\/p>\n\n\n\n<p>Bizim taahh\u00fcd\u00fcm\u00fcz \u015fudur: <strong>Bilgilendirmek, abartmamak.<\/strong>.Taahh\u00fctte bulunmadan \u00f6nce anlaman\u0131za yard\u0131mc\u0131 olmak ve teknolojiyle ili\u015fkinizin daha hafif, daha ak\u0131ll\u0131 ve daha \u00f6d\u00fcllendirici olmas\u0131 i\u00e7in size do\u011fru ara\u00e7lar\u0131 kendi h\u0131z\u0131n\u0131zda sunmak.<\/p>","protected":false},"excerpt":{"rendered":"<p>My Digital Word is your trusted space to explore the digital world with clarity and practicality. We create content for anyone looking to discover, learn, and make the most of technology in everyday life\u2014whether by testing new apps, taking online courses, using innovative tools, or keeping up with the trends shaping the connected world. In [&hellip;]<\/p>","protected":false},"author":5,"featured_media":0,"parent":0,"menu_order":0,"comment_status":"closed","ping_status":"closed","template":"","meta":{"footnotes":""},"yoast_head":"<!-- This site is optimized with the Yoast SEO plugin v23.3 - https:\/\/yoast.com\/wordpress\/plugins\/seo\/ -->\n<title>About Us - My Digital Word<\/title>\n<meta name=\"robots\" content=\"index, follow, max-snippet:-1, max-image-preview:large, max-video-preview:-1\" \/>\n<link rel=\"canonical\" href=\"https:\/\/mydigitalword.com\/tr\/about\/\" \/>\n<meta property=\"og:locale\" content=\"tr_TR\" \/>\n<meta property=\"og:type\" content=\"article\" \/>\n<meta property=\"og:title\" content=\"About Us - My Digital Word\" \/>\n<meta property=\"og:description\" content=\"My Digital Word is your trusted space to explore the digital world with clarity and practicality. We create content for anyone looking to discover, learn, and make the most of technology in everyday life\u2014whether by testing new apps, taking online courses, using innovative tools, or keeping up with the trends shaping the connected world. In [&hellip;]\" \/>\n<meta property=\"og:url\" content=\"https:\/\/mydigitalword.com\/tr\/about\/\" \/>\n<meta property=\"og:site_name\" content=\"My Digital Word\" \/>\n<meta property=\"article:modified_time\" content=\"2025-06-12T17:04:44+00:00\" \/>\n<meta name=\"twitter:card\" content=\"summary_large_image\" \/>\n<meta name=\"twitter:label1\" content=\"Est. reading time\" \/>\n\t<meta name=\"twitter:data1\" content=\"2 dakika\" \/>\n<script type=\"application\/ld+json\" class=\"yoast-schema-graph\">{\"@context\":\"https:\/\/schema.org\",\"@graph\":[{\"@type\":\"WebPage\",\"@id\":\"https:\/\/mydigitalword.com\/about\/\",\"url\":\"https:\/\/mydigitalword.com\/about\/\",\"name\":\"About Us - My Digital Word\",\"isPartOf\":{\"@id\":\"https:\/\/mydigitalword.com\/#website\"},\"datePublished\":\"2025-06-12T17:04:43+00:00\",\"dateModified\":\"2025-06-12T17:04:44+00:00\",\"breadcrumb\":{\"@id\":\"https:\/\/mydigitalword.com\/about\/#breadcrumb\"},\"inLanguage\":\"tr\",\"potentialAction\":[{\"@type\":\"ReadAction\",\"target\":[\"https:\/\/mydigitalword.com\/about\/\"]}]},{\"@type\":\"BreadcrumbList\",\"@id\":\"https:\/\/mydigitalword.com\/about\/#breadcrumb\",\"itemListElement\":[{\"@type\":\"ListItem\",\"position\":1,\"name\":\"Home\",\"item\":\"https:\/\/mydigitalword.com\/\"},{\"@type\":\"ListItem\",\"position\":2,\"name\":\"About Us\"}]},{\"@type\":\"WebSite\",\"@id\":\"https:\/\/mydigitalword.com\/#website\",\"url\":\"https:\/\/mydigitalword.com\/\",\"name\":\"My Digital Word\",\"description\":\"\",\"publisher\":{\"@id\":\"https:\/\/mydigitalword.com\/#organization\"},\"potentialAction\":[{\"@type\":\"SearchAction\",\"target\":{\"@type\":\"EntryPoint\",\"urlTemplate\":\"https:\/\/mydigitalword.com\/?s={search_term_string}\"},\"query-input\":\"required name=search_term_string\"}],\"inLanguage\":\"tr\"},{\"@type\":\"Organization\",\"@id\":\"https:\/\/mydigitalword.com\/#organization\",\"name\":\"My Digital Word\",\"url\":\"https:\/\/mydigitalword.com\/\",\"logo\":{\"@type\":\"ImageObject\",\"inLanguage\":\"tr\",\"@id\":\"https:\/\/mydigitalword.com\/#\/schema\/logo\/image\/\",\"url\":\"https:\/\/mydigitalword.com\/wp-content\/uploads\/sites\/239\/2025\/06\/cropped-mydigitalword-1-1.png\",\"contentUrl\":\"https:\/\/mydigitalword.com\/wp-content\/uploads\/sites\/239\/2025\/06\/cropped-mydigitalword-1-1.png\",\"width\":1023,\"height\":1023,\"caption\":\"My Digital Word\"},\"image\":{\"@id\":\"https:\/\/mydigitalword.com\/#\/schema\/logo\/image\/\"}}]}<\/script>\n<!-- \/ Yoast SEO plugin. -->","yoast_head_json":{"title":"About Us - My Digital Word","robots":{"index":"index","follow":"follow","max-snippet":"max-snippet:-1","max-image-preview":"max-image-preview:large","max-video-preview":"max-video-preview:-1"},"canonical":"https:\/\/mydigitalword.com\/tr\/about\/","og_locale":"tr_TR","og_type":"article","og_title":"About Us - My Digital Word","og_description":"My Digital Word is your trusted space to explore the digital world with clarity and practicality. We create content for anyone looking to discover, learn, and make the most of technology in everyday life\u2014whether by testing new apps, taking online courses, using innovative tools, or keeping up with the trends shaping the connected world. In [&hellip;]","og_url":"https:\/\/mydigitalword.com\/tr\/about\/","og_site_name":"My Digital Word","article_modified_time":"2025-06-12T17:04:44+00:00","twitter_card":"summary_large_image","twitter_misc":{"Est. reading time":"2 dakika"},"schema":{"@context":"https:\/\/schema.org","@graph":[{"@type":"WebPage","@id":"https:\/\/mydigitalword.com\/about\/","url":"https:\/\/mydigitalword.com\/about\/","name":"About Us - My Digital Word","isPartOf":{"@id":"https:\/\/mydigitalword.com\/#website"},"datePublished":"2025-06-12T17:04:43+00:00","dateModified":"2025-06-12T17:04:44+00:00","breadcrumb":{"@id":"https:\/\/mydigitalword.com\/about\/#breadcrumb"},"inLanguage":"tr","potentialAction":[{"@type":"ReadAction","target":["https:\/\/mydigitalword.com\/about\/"]}]},{"@type":"BreadcrumbList","@id":"https:\/\/mydigitalword.com\/about\/#breadcrumb","itemListElement":[{"@type":"ListItem","position":1,"name":"Home","item":"https:\/\/mydigitalword.com\/"},{"@type":"ListItem","position":2,"name":"About Us"}]},{"@type":"WebSite","@id":"https:\/\/mydigitalword.com\/#website","url":"https:\/\/mydigitalword.com\/","name":"My Digital Word","description":"","publisher":{"@id":"https:\/\/mydigitalword.com\/#organization"},"potentialAction":[{"@type":"SearchAction","target":{"@type":"EntryPoint","urlTemplate":"https:\/\/mydigitalword.com\/?s={search_term_string}"},"query-input":"required name=search_term_string"}],"inLanguage":"tr"},{"@type":"Organization","@id":"https:\/\/mydigitalword.com\/#organization","name":"My Digital Word","url":"https:\/\/mydigitalword.com\/","logo":{"@type":"ImageObject","inLanguage":"tr","@id":"https:\/\/mydigitalword.com\/#\/schema\/logo\/image\/","url":"https:\/\/mydigitalword.com\/wp-content\/uploads\/sites\/239\/2025\/06\/cropped-mydigitalword-1-1.png","contentUrl":"https:\/\/mydigitalword.com\/wp-content\/uploads\/sites\/239\/2025\/06\/cropped-mydigitalword-1-1.png","width":1023,"height":1023,"caption":"My Digital Word"},"image":{"@id":"https:\/\/mydigitalword.com\/#\/schema\/logo\/image\/"}}]}},"_links":{"self":[{"href":"https:\/\/mydigitalword.com\/tr\/wp-json\/wp\/v2\/pages\/75"}],"collection":[{"href":"https:\/\/mydigitalword.com\/tr\/wp-json\/wp\/v2\/pages"}],"about":[{"href":"https:\/\/mydigitalword.com\/tr\/wp-json\/wp\/v2\/types\/page"}],"author":[{"embeddable":true,"href":"https:\/\/mydigitalword.com\/tr\/wp-json\/wp\/v2\/users\/5"}],"replies":[{"embeddable":true,"href":"https:\/\/mydigitalword.com\/tr\/wp-json\/wp\/v2\/comments?post=75"}],"version-history":[{"count":1,"href":"https:\/\/mydigitalword.com\/tr\/wp-json\/wp\/v2\/pages\/75\/revisions"}],"predecessor-version":[{"id":76,"href":"https:\/\/mydigitalword.com\/tr\/wp-json\/wp\/v2\/pages\/75\/revisions\/76"}],"wp:attachment":[{"href":"https:\/\/mydigitalword.com\/tr\/wp-json\/wp\/v2\/media?parent=75"}],"curies":[{"name":"wp","href":"https:\/\/api.w.org\/{rel}","templated":true}]}}